{"id":7,"date":"2026-04-04T09:39:07","date_gmt":"2026-04-04T06:39:07","guid":{"rendered":"https:\/\/www.kestinen.net\/?page_id=7"},"modified":"2026-04-04T09:39:07","modified_gmt":"2026-04-04T06:39:07","slug":"etusivu","status":"publish","type":"page","link":"https:\/\/www.kestinen.net\/","title":{"rendered":"Etusivu"},"content":{"rendered":"\n<p>Tervetuloa sivustollesi! T\u00e4m\u00e4 on etusivusi, jonka suurin osa sivustosi vierailijoista n\u00e4kee saapuessaan sivustollesi ensimm\u00e4ist\u00e4 kertaa.<\/p>\n","protected":false},"excerpt":{"rendered":"<p>Tervetuloa sivustollesi! T\u00e4m\u00e4 on etusivusi, jonka suurin osa sivustosi vierailijoista n\u00e4kee saapuessaan sivustollesi ensimm\u00e4ist\u00e4 kertaa.<\/p>\n","protected":false},"author":1,"featured_media":0,"parent":0,"menu_order":0,"comment_status":"closed","ping_status":"closed","template":"","meta":{"footnotes":""},"class_list":["post-7","page","type-page","status-publish","hentry"],"_links":{"self":[{"href":"https:\/\/www.kestinen.net\/index.php\/wp-json\/wp\/v2\/pages\/7","targetHints":{"allow":["GET"]}}],"collection":[{"href":"https:\/\/www.kestinen.net\/index.php\/wp-json\/wp\/v2\/pages"}],"about":[{"href":"https:\/\/www.kestinen.net\/index.php\/wp-json\/wp\/v2\/types\/page"}],"author":[{"embeddable":true,"href":"https:\/\/www.kestinen.net\/index.php\/wp-json\/wp\/v2\/users\/1"}],"replies":[{"embeddable":true,"href":"https:\/\/www.kestinen.net\/index.php\/wp-json\/wp\/v2\/comments?post=7"}],"version-history":[{"count":1,"href":"https:\/\/www.kestinen.net\/index.php\/wp-json\/wp\/v2\/pages\/7\/revisions"}],"predecessor-version":[{"id":14,"href":"https:\/\/www.kestinen.net\/index.php\/wp-json\/wp\/v2\/pages\/7\/revisions\/14"}],"wp:attachment":[{"href":"https:\/\/www.kestinen.net\/index.php\/wp-json\/wp\/v2\/media?parent=7"}],"curies":[{"name":"wp","href":"https:\/\/api.w.org\/{rel}","templated":true}]}}